{"id":28808,"date":"2026-02-23T14:22:13","date_gmt":"2026-02-23T13:22:13","guid":{"rendered":"https:\/\/illyrianhome.com\/property\/for-sale-11-apartment-under-construction-bazaar-gate-tower-pazari-i-ri-tirana-2\/"},"modified":"2026-02-23T14:22:13","modified_gmt":"2026-02-23T13:22:13","slug":"for-sale-11-apartment-under-construction-bazaar-gate-tower-pazari-i-ri-tirana-2","status":"publish","type":"product","link":"https:\/\/www.illyrianhome.com\/en\/property\/for-sale-11-apartment-under-construction-bazaar-gate-tower-pazari-i-ri-tirana-2\/","title":{"rendered":"For sale: 1+1 apartment under construction, &#8220;Bazaar Gate&#8221; tower, &#8220;Pazari i Ri&#8221;, Tirana."},"content":{"rendered":"<p>Apartment for sale under construction at the &#8220;Bazaar Gate&#8221; tower, &#8220;Pazari i Ri&#8221;, Tirana. The apartment is perfectly located in the center of Tirana. The Bazaar Gate tower embodies luxury living with its impressive range of residential and service options spanning 27 floors. From cozy 1+1 apartments to spacious 2+1 layouts and luxury penthouses, you will find the perfect home to suit any lifestyle within this extraordinary masterpiece.   <\/p>\n<p>&nbsp;<\/p>\n<p><strong>Layout:<\/strong><\/p>\n<ul>\n<li>Living Room and Kitchen<\/li>\n<li>Bedroom<\/li>\n<li>Bathroom<\/li>\n<li>Balcony<\/li>\n<li>Natural light<\/li>\n<li>11th residential floor<\/li>\n<li>With elevator<\/li>\n<li>2025 Building<\/li>\n<li>Under construction<\/li>\n<\/ul>\n<p><strong>For more information, please contact us: +355682034012<\/strong><\/p>\n<div class=\"pvc_clear\"><\/div>\n<p id=\"pvc_stats_28808\" class=\"pvc_stats all  \" data-element-id=\"28808\" style=\"\"><i class=\"pvc-stats-icon medium\" aria-hidden=\"true\"><svg xmlns=\"http:\/\/www.w3.org\/2000\/svg\" version=\"1.0\" viewBox=\"0 0 502 315\" preserveAspectRatio=\"xMidYMid meet\"><g transform=\"translate(0,332) scale(0.1,-0.1)\" fill=\"\" stroke=\"none\"><path d=\"M2394 3279 l-29 -30 -3 -207 c-2 -182 0 -211 15 -242 39 -76 157 -76 196 0 15 31 17 60 15 243 l-3 209 -33 29 c-26 23 -41 29 -80 29 -41 0 -53 -5 -78 -31z\"\/><path d=\"M3085 3251 c-45 -19 -58 -50 -96 -229 -47 -217 -49 -260 -13 -295 52 -53 146 -42 177 20 16 31 87 366 87 410 0 70 -86 122 -155 94z\"\/><path d=\"M1751 3234 c-13 -9 -29 -31 -37 -50 -12 -29 -10 -49 21 -204 19 -94 39 -189 45 -210 14 -50 54 -80 110 -80 34 0 48 6 76 34 21 21 34 44 34 59 0 14 -18 113 -40 219 -37 178 -43 195 -70 221 -36 32 -101 37 -139 11z\"\/><path d=\"M1163 3073 c-36 -7 -73 -59 -73 -102 0 -56 133 -378 171 -413 34 -32 83 -37 129 -13 70 36 67 87 -16 290 -86 209 -89 214 -129 231 -35 14 -42 15 -82 7z\"\/><path d=\"M3689 3066 c-15 -9 -33 -30 -42 -48 -48 -103 -147 -355 -147 -375 0 -98 131 -148 192 -74 13 15 57 108 97 206 80 196 84 226 37 273 -30 30 -99 39 -137 18z\"\/><path d=\"M583 2784 c-38 -19 -67 -74 -58 -113 9 -42 211 -354 242 -373 16 -10 45 -18 66 -18 51 0 107 52 107 100 0 39 -1 41 -124 234 -80 126 -108 162 -133 173 -41 17 -61 16 -100 -3z\"\/><path d=\"M4250 2784 c-14 -9 -74 -91 -133 -183 -95 -150 -107 -173 -107 -213 0 -55 33 -94 87 -104 67 -13 90 8 211 198 130 202 137 225 78 284 -27 27 -42 34 -72 34 -22 0 -50 -8 -64 -16z\"\/><path d=\"M2275 2693 c-553 -48 -1095 -270 -1585 -649 -135 -104 -459 -423 -483 -476 -23 -49 -22 -139 2 -186 73 -142 361 -457 571 -626 285 -228 642 -407 990 -497 242 -63 336 -73 660 -74 310 0 370 5 595 52 535 111 1045 392 1455 803 122 121 250 273 275 326 19 41 19 137 0 174 -41 79 -309 363 -465 492 -447 370 -946 591 -1479 653 -113 14 -422 18 -536 8z m395 -428 c171 -34 330 -124 456 -258 112 -119 167 -219 211 -378 27 -96 24 -300 -5 -401 -72 -255 -236 -447 -474 -557 -132 -62 -201 -76 -368 -76 -167 0 -236 14 -368 76 -213 98 -373 271 -451 485 -162 444 86 934 547 1084 153 49 292 57 452 25z m909 -232 c222 -123 408 -262 593 -441 76 -74 138 -139 138 -144 0 -16 -233 -242 -330 -319 -155 -123 -309 -223 -461 -299 l-81 -41 32 46 c18 26 49 83 70 128 143 306 141 649 -6 957 -25 52 -61 116 -79 142 l-34 47 45 -20 c26 -10 76 -36 113 -56z m-2057 25 c-40 -58 -105 -190 -130 -263 -110 -324 -59 -707 132 -981 25 -35 42 -64 37 -64 -19 0 -241 119 -326 174 -188 122 -406 314 -532 468 l-58 71 108 103 c185 178 428 349 672 473 66 33 121 60 123 61 2 0 -10 -19 -26 -42z\"\/><path d=\"M2375 1950 c-198 -44 -350 -190 -395 -379 -18 -76 -8 -221 19 -290 114 -284 457 -406 731 -260 98 52 188 154 231 260 27 69 37 214 19 290 -38 163 -166 304 -326 360 -67 23 -215 33 -279 19z\"\/><\/g><\/svg><\/i> <img decoding=\"async\" width=\"16\" height=\"16\" alt=\"Loading\" src=\"https:\/\/www.illyrianhome.com\/wp-content\/plugins\/page-views-count\/ajax-loader-2x.gif\" =0 title=\"\"><\/p>\n<div class=\"pvc_clear\"><\/div>\n","protected":false},"excerpt":{"rendered":"<p>Apartment for sale under construction at the &#8220;Bazaar Gate&#8221; tower, &#8220;Pazari i Ri&#8221;, Tirana. The apartment is perfectly located in the center of Tirana. The Bazaar Gate tower embodies luxury living with its impressive range of residential and service options spanning 27 floors. From cozy 1+1 apartments to spacious 2+1 layouts and luxury penthouses, you &#8230; <a title=\"For sale: 1+1 apartment under construction, &#8220;Bazaar Gate&#8221; tower, &#8220;Pazari i Ri&#8221;, Tirana.\" class=\"read-more\" href=\"https:\/\/www.illyrianhome.com\/en\/property\/for-sale-11-apartment-under-construction-bazaar-gate-tower-pazari-i-ri-tirana-2\/\" aria-label=\"Read more about For sale: 1+1 apartment under construction, &#8220;Bazaar Gate&#8221; tower, &#8220;Pazari i Ri&#8221;, Tirana.\">Read more<\/a><\/p>\n<div class=\"pvc_clear\"><\/div>\n<p id=\"pvc_stats_28808\" class=\"pvc_stats all  \" data-element-id=\"28808\" style=\"\"><i class=\"pvc-stats-icon medium\" aria-hidden=\"true\"><svg xmlns=\"http:\/\/www.w3.org\/2000\/svg\" version=\"1.0\" viewBox=\"0 0 502 315\" preserveAspectRatio=\"xMidYMid meet\"><g transform=\"translate(0,332) scale(0.1,-0.1)\" fill=\"\" stroke=\"none\"><path d=\"M2394 3279 l-29 -30 -3 -207 c-2 -182 0 -211 15 -242 39 -76 157 -76 196 0 15 31 17 60 15 243 l-3 209 -33 29 c-26 23 -41 29 -80 29 -41 0 -53 -5 -78 -31z\"\/><path d=\"M3085 3251 c-45 -19 -58 -50 -96 -229 -47 -217 -49 -260 -13 -295 52 -53 146 -42 177 20 16 31 87 366 87 410 0 70 -86 122 -155 94z\"\/><path d=\"M1751 3234 c-13 -9 -29 -31 -37 -50 -12 -29 -10 -49 21 -204 19 -94 39 -189 45 -210 14 -50 54 -80 110 -80 34 0 48 6 76 34 21 21 34 44 34 59 0 14 -18 113 -40 219 -37 178 -43 195 -70 221 -36 32 -101 37 -139 11z\"\/><path d=\"M1163 3073 c-36 -7 -73 -59 -73 -102 0 -56 133 -378 171 -413 34 -32 83 -37 129 -13 70 36 67 87 -16 290 -86 209 -89 214 -129 231 -35 14 -42 15 -82 7z\"\/><path d=\"M3689 3066 c-15 -9 -33 -30 -42 -48 -48 -103 -147 -355 -147 -375 0 -98 131 -148 192 -74 13 15 57 108 97 206 80 196 84 226 37 273 -30 30 -99 39 -137 18z\"\/><path d=\"M583 2784 c-38 -19 -67 -74 -58 -113 9 -42 211 -354 242 -373 16 -10 45 -18 66 -18 51 0 107 52 107 100 0 39 -1 41 -124 234 -80 126 -108 162 -133 173 -41 17 -61 16 -100 -3z\"\/><path d=\"M4250 2784 c-14 -9 -74 -91 -133 -183 -95 -150 -107 -173 -107 -213 0 -55 33 -94 87 -104 67 -13 90 8 211 198 130 202 137 225 78 284 -27 27 -42 34 -72 34 -22 0 -50 -8 -64 -16z\"\/><path d=\"M2275 2693 c-553 -48 -1095 -270 -1585 -649 -135 -104 -459 -423 -483 -476 -23 -49 -22 -139 2 -186 73 -142 361 -457 571 -626 285 -228 642 -407 990 -497 242 -63 336 -73 660 -74 310 0 370 5 595 52 535 111 1045 392 1455 803 122 121 250 273 275 326 19 41 19 137 0 174 -41 79 -309 363 -465 492 -447 370 -946 591 -1479 653 -113 14 -422 18 -536 8z m395 -428 c171 -34 330 -124 456 -258 112 -119 167 -219 211 -378 27 -96 24 -300 -5 -401 -72 -255 -236 -447 -474 -557 -132 -62 -201 -76 -368 -76 -167 0 -236 14 -368 76 -213 98 -373 271 -451 485 -162 444 86 934 547 1084 153 49 292 57 452 25z m909 -232 c222 -123 408 -262 593 -441 76 -74 138 -139 138 -144 0 -16 -233 -242 -330 -319 -155 -123 -309 -223 -461 -299 l-81 -41 32 46 c18 26 49 83 70 128 143 306 141 649 -6 957 -25 52 -61 116 -79 142 l-34 47 45 -20 c26 -10 76 -36 113 -56z m-2057 25 c-40 -58 -105 -190 -130 -263 -110 -324 -59 -707 132 -981 25 -35 42 -64 37 -64 -19 0 -241 119 -326 174 -188 122 -406 314 -532 468 l-58 71 108 103 c185 178 428 349 672 473 66 33 121 60 123 61 2 0 -10 -19 -26 -42z\"\/><path d=\"M2375 1950 c-198 -44 -350 -190 -395 -379 -18 -76 -8 -221 19 -290 114 -284 457 -406 731 -260 98 52 188 154 231 260 27 69 37 214 19 290 -38 163 -166 304 -326 360 -67 23 -215 33 -279 19z\"\/><\/g><\/svg><\/i> <img decoding=\"async\" width=\"16\" height=\"16\" alt=\"Loading\" src=\"https:\/\/www.illyrianhome.com\/wp-content\/plugins\/page-views-count\/ajax-loader-2x.gif\" border=0 \/><\/p>\n<div class=\"pvc_clear\"><\/div>\n","protected":false},"featured_media":28810,"comment_status":"open","ping_status":"closed","template":"","meta":{"lloji-i-listimit":"listim normal","linku-i-youtube":"","kontakto-agjentin":"1051","adresa-e-prones":"\u201d Bazaar Gate\u201d, \u201cPazari i Ri\u201d, Tiran\u00eb.","harta":"","harta_copy":"","vendndodhja-ne-google-map":"41.33059735914202, 19.822642592586895","numri-i-dhomave-te-gjumit":"1","dhoma-ndenjeje":"1","numri-i-tualeteve":"1","numri-total-i-dhomave":"2","qyteti":{"Tirane":"true","Vlore":"false","Sarand\u00eb":"false","Kor\u00e7\u00eb":"false","Durr\u00ebs":"false","Maminas":"false","Vlor\u00eb":"false","Pogradec":"false","Kruj\u00eb":"false"},"zonalagjjarruga":{"21 Dhjetori":"false","Ali Demi":"false","Liqeni i That\u00eb":"false","Liqeni i Fark\u00ebs":"false","TEG":"false","Rruga Bardhyl":"false","Hotel Butrinti":"false","Porti":"false","Pazari i Ri":"true","Brryli":"false","Ish Hipoteka":"false","Rruga e Barrikadave":"false","Myslym Shyri":"false","Rruga e Elbasanit":"false","Parku Rinia":"false","Pez\u00eb e Vog\u00ebl":"false","Bulevardi Zogu i Par\u00eb":"false","Laprak\u00eb  ":"false","\u2060Rruga Tefta Tashko":"false","Bulevardi Kryesor":"false","Bulevardi Republika":"false","Petrel\u00eb":"false","Bllok":"false","QTU":"false","Citypark":"false","Farmacia 10":"false","Astir":"false","Oxhaku":"false","Rruga e Durr\u00ebsit":"false","Fiori Di Bosko":"false","Xhamlliku":"false","Komisariati Nr.4":"false","Liqeni i That\u00eb  ":"false","Periferi Tiran\u00eb":"false","Xhafzotaj":"false","Golem - Durr\u00ebs":"false","Rruga e Kavaj\u00ebs":"false","Fresk":"false","Liqeni Artificial i Tiran\u00ebs":"false","Gjimnazi Ismail Qemali":"false","Selvia":"false","Institut":"false","Komuna e Parisit  ":"false","Selit\u00eb":"false","Liqeni i Paskuqanit":"false","Rruga e Dibr\u00ebs":"false","Rruga Kosovar\u00ebve":"false","Zogu i Zi":"false","Shkolla e Kuqe":"false","  Prisk\u00eb e Madhe":"false","Maminas":"false","  Sheshi Willson":"false","Fusha Aviacionit":"false","Stacioni i Trenit":"false","Sheshi Sk\u00ebnd\u00ebrbej":"false","Rruga Mine Peza":"false","Rruga e Stadiumit":"false","Yzberisht":"false","QSUT":"false","Rolling Hills 2":"false","Orikum":"false","Radhim\u00eb":"false","Rruga e Drilonit":"false","Bulevardi i Ri":"false","Vasil Shanto":"false","Ambasada Amerikane":"false","Rruga Ura":"false","Vilat Gjermane":"false","Kopshti Zologjik - Tiran\u00eb":"false","Rruga 5 Maji - Tiran\u00eb":"false","Sauk":"false","Misto Mame":"false","Plazhi i Gjeneralit, Durr\u00ebs":"false","Xhamia e Tabak\u00ebve":"false","Secret Garden Residence, TEG":"false","Rruga Fortuzi":"false","Ib\u00eb, Tiran\u00eb":"false","Apartamentet Joy Residence, TEG":"false","Rruga Teodor Keko":"false","Liqeni, Pogradec":"false","Rruga 1 Maji, Kor\u00e7\u00eb":"false","Residenca Secret Garden":"false","Rruga 4 D\u00ebshmor\u00ebt, Tiran\u00eb":"false","Ish sheshi Shqiponja":"false","Ib\u00eb e Poshtme, Tiran\u00eb":"false","Univers City":"false","Ish Fusha e Aviacionit, Tiran\u00eb":"false","Gjimnazi Partizani":"false","Don Bosko":"false","Rruga Riza Cerova":"false","Borizan\u00eb":"false","Mali i Dajtit - Tiran\u00eb":"false","Stadiumi Dinamo":"false","Sh\u00ebtitorja 1 Maj":"false","Aeroporti i Rinasit, Tiran\u00eb":"false","Shkembi i Kavaj\u00ebs":"false","Bunkart 1, Tiran\u00eb":"false","Golem":"false","Laprak\u00eb":"false"},"siperfaqe-bruto":"75","siperfaqe-neto":"60","siperfaqe-e-perbashket":"15","siperfaqe-verande":"","garazhe":"","poste-parkimi":"","kondicionere":"","viti-i-ndertimit":"","ashensore":"","investime-ekstra":"","ndertim-i-ri":"true","ndertim-ekzistues":"false","certifikat-pronesie":"false","ne-proces-hipotekimi":"true","disponon-rivleresim":"false","tualet-me-dritare":"false","me-parket":"false","mobiluar":"false","bosh":"true","korridor-shperndares":"false","ballkon":"false","ashensor":"true","sistem-kondicionimi":"false","fasad-xhami":"false","rruge-kryesore":"true","pamje-nga-deti":"false","orientimi":{"Veri":"true","Jug":"false","Lindje":"false","Per\u00ebndim":"false","Veri-Lindje":"false","Veri-Per\u00ebndim":"false","Jug-Lindje":"false","Jug-Per\u00ebndim":"false","Lindje-Per\u00ebndim":"false","Veri-Jug":"false","Veri-Lindje-Per\u00ebndim":"false","Jug-Lindje-Per\u00ebndim":"false","360 Grad\u00eb":"false"},"shenime":"","publikohet_ne_indomio":"false","geography_id":"","original_location":"","listing_type":"","investment":"false","corner":"false","no-agent-fee":"false","view-type":"","lattitude":"","longtitude":"","zip":"","zone":"","road-type":"","property-category":"","residential-subcategory":"","commercial-subcategory":"","land-subcategory":"","other-subcategory":"","property-status":"","living-rooms":"","kitchens":"","half":"","floor-number":"","levels":"","balconies-size":"","air-conditioning":"false","elevator":"false","storage-space":"false","veranda":"false","satelite-receiver":"false","internal-stairs":"false","solar-water-heating":"false","garden":"false","attic":"false","swimming-pool":"false","secure-door":"false","penthouse":"false","alarm":"false","fireplace":"false","playroom":"false","preserved":"false","night-power":"false","neo-classic":"false","energy-class":"","orientation":"","heating-controller":"","heating-medium":"","heating-under-floor":"false","window-screen":"false","awning":"false","double-glass":"false","airy":"false","bright":"false","painted":"false","for-commercial-use":"false","facade":"false","holiday-home":"false","lux-home":"false","student-home":"false","pets-allowed":"false","frame-type":"","floor-type":"","emri-i-agjentit":"","mbiemri-i-agjentit":"","numri-celular-i-agjentit":"","email-i-agjentit":"","footnotes":""},"product_brand":[],"product_cat":[67],"product_tag":[],"tipologjia-e-prones":[71],"agjenti":[83],"class_list":{"0":"post-28808","1":"product","2":"type-product","3":"status-publish","4":"has-post-thumbnail","6":"product_cat-sale","7":"tipologjia-e-prones-apartment","8":"agjenti-dorjan-sanxhaku","10":"first","11":"instock","12":"virtual","13":"purchasable","14":"product-type-simple"},"_links":{"self":[{"href":"https:\/\/www.illyrianhome.com\/en\/wp-json\/wp\/v2\/product\/28808","targetHints":{"allow":["GET"]}}],"collection":[{"href":"https:\/\/www.illyrianhome.com\/en\/wp-json\/wp\/v2\/product"}],"about":[{"href":"https:\/\/www.illyrianhome.com\/en\/wp-json\/wp\/v2\/types\/product"}],"replies":[{"embeddable":true,"href":"https:\/\/www.illyrianhome.com\/en\/wp-json\/wp\/v2\/comments?post=28808"}],"version-history":[{"count":0,"href":"https:\/\/www.illyrianhome.com\/en\/wp-json\/wp\/v2\/product\/28808\/revisions"}],"wp:featuredmedia":[{"embeddable":true,"href":"https:\/\/www.illyrianhome.com\/en\/wp-json\/wp\/v2\/media\/28810"}],"wp:attachment":[{"href":"https:\/\/www.illyrianhome.com\/en\/wp-json\/wp\/v2\/media?parent=28808"}],"wp:term":[{"taxonomy":"product_brand","embeddable":true,"href":"https:\/\/www.illyrianhome.com\/en\/wp-json\/wp\/v2\/product_brand?post=28808"},{"taxonomy":"product_cat","embeddable":true,"href":"https:\/\/www.illyrianhome.com\/en\/wp-json\/wp\/v2\/product_cat?post=28808"},{"taxonomy":"product_tag","embeddable":true,"href":"https:\/\/www.illyrianhome.com\/en\/wp-json\/wp\/v2\/product_tag?post=28808"},{"taxonomy":"tipologjia-e-prones","embeddable":true,"href":"https:\/\/www.illyrianhome.com\/en\/wp-json\/wp\/v2\/tipologjia-e-prones?post=28808"},{"taxonomy":"agjenti","embeddable":true,"href":"https:\/\/www.illyrianhome.com\/en\/wp-json\/wp\/v2\/agjenti?post=28808"}],"curies":[{"name":"wp","href":"https:\/\/api.w.org\/{rel}","templated":true}]}}